{"id":1854,"date":"2026-02-12T15:01:22","date_gmt":"2026-02-12T14:01:22","guid":{"rendered":"https:\/\/hellowood.eu\/?page_id=1854"},"modified":"2026-02-16T17:21:31","modified_gmt":"2026-02-16T16:21:31","slug":"subsidies","status":"publish","type":"page","link":"https:\/\/hellowood.eu\/hu\/subsidies\/","title":{"rendered":"T\u00e1mogat\u00e1sok"},"content":{"rendered":"<div data-elementor-type=\"wp-page\" data-elementor-id=\"1854\" class=\"elementor elementor-1854\" data-elementor-post-type=\"page\">\n\t\t\t\t<div class=\"elementor-element elementor-element-67e4d357 e-flex e-con-boxed e-con e-parent\" data-id=\"67e4d357\" data-element_type=\"container\" data-e-type=\"container\" data-settings=\"{&quot;background_background&quot;:&quot;classic&quot;}\">\n\t\t\t\t\t<div class=\"e-con-inner\">\n\t\t\t\t<div class=\"elementor-element elementor-element-fa9756d elementor-widget__width-auto elementor-widget elementor-widget-heading\" data-id=\"fa9756d\" data-element_type=\"widget\" data-e-type=\"widget\" data-widget_type=\"heading.default\">\n\t\t\t\t\t<h1 class=\"elementor-heading-title elementor-size-default\">T\u00e1mogat\u00e1sok<\/h1>\t\t\t\t<\/div>\n\t\t\t\t\t<\/div>\n\t\t\t\t<\/div>\n\t\t<div class=\"elementor-element elementor-element-7f68e12a e-flex e-con-boxed e-con e-parent\" data-id=\"7f68e12a\" data-element_type=\"container\" data-e-type=\"container\">\n\t\t\t\t\t<div class=\"e-con-inner\">\n\t\t\t\t<div class=\"elementor-element elementor-element-1e83bc1c elementor-widget__width-initial elementor-widget elementor-widget-text-editor\" data-id=\"1e83bc1c\" data-element_type=\"widget\" data-e-type=\"widget\" data-widget_type=\"text-editor.default\">\n\t\t\t\t\t\t\t\t\t<p>Hello Wood has received the following grants.<\/p>\t\t\t\t\t\t\t\t<\/div>\n\t\t\t\t\t<\/div>\n\t\t\t\t<\/div>\n\t\t<div class=\"elementor-element elementor-element-45e57f19 e-con-full e-flex e-con e-parent\" data-id=\"45e57f19\" data-element_type=\"container\" data-e-type=\"container\">\n\t\t<div class=\"elementor-element elementor-element-44b246b0 e-con-full e-flex e-con e-child\" data-id=\"44b246b0\" data-element_type=\"container\" data-e-type=\"container\" data-settings=\"{&quot;background_background&quot;:&quot;classic&quot;}\">\n\t\t\t\t<\/div>\n\t\t<div class=\"elementor-element elementor-element-32550bab e-con-full e-flex e-con e-child\" data-id=\"32550bab\" data-element_type=\"container\" data-e-type=\"container\" data-settings=\"{&quot;background_background&quot;:&quot;classic&quot;}\">\n\t\t\t\t<div class=\"elementor-element elementor-element-5bfcc0a3 elementor-widget elementor-widget-heading\" data-id=\"5bfcc0a3\" data-element_type=\"widget\" data-e-type=\"widget\" data-widget_type=\"heading.default\">\n\t\t\t\t\t<h2 class=\"elementor-heading-title elementor-size-default\">Kisfaludy T\u00e1mogat\u00e1s<\/h2>\t\t\t\t<\/div>\n\t\t\t\t<div class=\"elementor-element elementor-element-4b8fa362 elementor-widget elementor-widget-text-editor\" data-id=\"4b8fa362\" data-element_type=\"widget\" data-e-type=\"widget\" data-widget_type=\"text-editor.default\">\n\t\t\t\t\t\t\t\t\t<p>Within the framework of the Kisfaludy Tourism Development Program, we received support for the V\u00edg\u00e1ntpetend Design Cabins project development, during which we will build 8 premium cabins and a service unit in the picturesque Cs\u00f3romf\u00f6lde.<\/p>\t\t\t\t\t\t\t\t<\/div>\n\t\t\t\t<div class=\"elementor-element elementor-element-baeee4a elementor-widget elementor-widget-button\" data-id=\"baeee4a\" data-element_type=\"widget\" data-e-type=\"widget\" data-widget_type=\"button.default\">\n\t\t\t\t\t\t\t\t\t\t<a class=\"elementor-button elementor-button-link elementor-size-sm\" href=\"https:\/\/hellowood.eu\/hu\/subsidies\/kisfaludy-tamogatas\/\">\n\t\t\t\t\t\t<span class=\"elementor-button-content-wrapper\">\n\t\t\t\t\t\t\t\t\t<span class=\"elementor-button-text\">More information<\/span>\n\t\t\t\t\t<\/span>\n\t\t\t\t\t<\/a>\n\t\t\t\t\t\t\t\t<\/div>\n\t\t\t\t<\/div>\n\t\t\t\t<\/div>\n\t\t<div class=\"elementor-element elementor-element-d65bd84 e-con-full e-flex e-con e-parent\" data-id=\"d65bd84\" data-element_type=\"container\" data-e-type=\"container\">\n\t\t<div class=\"elementor-element elementor-element-4ee86df e-con-full e-flex e-con e-child\" data-id=\"4ee86df\" data-element_type=\"container\" data-e-type=\"container\" data-settings=\"{&quot;background_background&quot;:&quot;classic&quot;}\">\n\t\t\t\t<div class=\"elementor-element elementor-element-3756675 elementor-widget elementor-widget-heading\" data-id=\"3756675\" data-element_type=\"widget\" data-e-type=\"widget\" data-widget_type=\"heading.default\">\n\t\t\t\t\t<h3 class=\"elementor-heading-title elementor-size-default\">GINOP P\u00e1ly\u00e1zat<\/h3>\t\t\t\t<\/div>\n\t\t\t\t<div class=\"elementor-element elementor-element-9af885c elementor-widget elementor-widget-text-editor\" data-id=\"9af885c\" data-element_type=\"widget\" data-e-type=\"widget\" data-widget_type=\"text-editor.default\">\n\t\t\t\t\t\t\t\t\t<p>We received support for the expansion of our rural location within the framework of the Economic Development and Innovation Operational Programme. The project included consultancy, information technology development and the purchase of new equipment resulting in technological development.<\/p>\t\t\t\t\t\t\t\t<\/div>\n\t\t\t\t<div class=\"elementor-element elementor-element-49ea70d elementor-widget elementor-widget-button\" data-id=\"49ea70d\" data-element_type=\"widget\" data-e-type=\"widget\" data-widget_type=\"button.default\">\n\t\t\t\t\t\t\t\t\t\t<a class=\"elementor-button elementor-button-link elementor-size-sm\" href=\"https:\/\/hellowood.eu\/hu\/subsidies\/ginop-palyazat\/\">\n\t\t\t\t\t\t<span class=\"elementor-button-content-wrapper\">\n\t\t\t\t\t\t\t\t\t<span class=\"elementor-button-text\">More information<\/span>\n\t\t\t\t\t<\/span>\n\t\t\t\t\t<\/a>\n\t\t\t\t\t\t\t\t<\/div>\n\t\t\t\t<\/div>\n\t\t<div class=\"elementor-element elementor-element-8c2f289 e-con-full e-flex e-con e-child\" data-id=\"8c2f289\" data-element_type=\"container\" data-e-type=\"container\" data-settings=\"{&quot;background_background&quot;:&quot;classic&quot;}\">\n\t\t\t\t<\/div>\n\t\t\t\t<\/div>\n\t\t<div class=\"elementor-element elementor-element-fc37cf2 e-con-full e-flex e-con e-parent\" data-id=\"fc37cf2\" data-element_type=\"container\" data-e-type=\"container\">\n\t\t<div class=\"elementor-element elementor-element-b23c2f6 e-con-full e-flex e-con e-child\" data-id=\"b23c2f6\" data-element_type=\"container\" data-e-type=\"container\" data-settings=\"{&quot;background_background&quot;:&quot;classic&quot;}\">\n\t\t\t\t<\/div>\n\t\t<div class=\"elementor-element elementor-element-1644de6 e-con-full e-flex e-con e-child\" data-id=\"1644de6\" data-element_type=\"container\" data-e-type=\"container\" data-settings=\"{&quot;background_background&quot;:&quot;classic&quot;}\">\n\t\t\t\t<div class=\"elementor-element elementor-element-d932ee6 elementor-widget elementor-widget-heading\" data-id=\"d932ee6\" data-element_type=\"widget\" data-e-type=\"widget\" data-widget_type=\"heading.default\">\n\t\t\t\t\t<h3 class=\"elementor-heading-title elementor-size-default\">Kabin kutat\u00e1s-fejleszt\u00e9s<\/h3>\t\t\t\t<\/div>\n\t\t\t\t<div class=\"elementor-element elementor-element-7e80596 elementor-widget elementor-widget-text-editor\" data-id=\"7e80596\" data-element_type=\"widget\" data-e-type=\"widget\" data-widget_type=\"text-editor.default\">\n\t\t\t\t\t\t\t\t\t<p data-start=\"57\" data-end=\"284\">The project 2020-1.1.1-KKV-START-2020-00242 was implemented with the support of the National Research, Development and Innovation Fund, \u05d1\u05de\u05e1\u05d2\u05e8\u05ea the funding program of the National Research, Development and Innovation Office.<\/p><p data-start=\"286\" data-end=\"562\">Hello Wood Zrt. is committed to developing the concept of small-scale design cabins. Since 2016\u20132017, the company has been continuously developing cabin prototypes, resulting in several experimental models. The most recent outcome of this development process is the <em data-start=\"552\" data-end=\"561\">Kabinka<\/em>.<\/p>\t\t\t\t\t\t\t\t<\/div>\n\t\t\t\t<div class=\"elementor-element elementor-element-e2098f7 elementor-widget elementor-widget-button\" data-id=\"e2098f7\" data-element_type=\"widget\" data-e-type=\"widget\" data-widget_type=\"button.default\">\n\t\t\t\t\t\t\t\t\t\t<a class=\"elementor-button elementor-button-link elementor-size-sm\" href=\"https:\/\/hellowood.eu\/hu\/subsidies\/kabin-kutatas-fejlesztes\/\">\n\t\t\t\t\t\t<span class=\"elementor-button-content-wrapper\">\n\t\t\t\t\t\t\t\t\t<span class=\"elementor-button-text\">More information<\/span>\n\t\t\t\t\t<\/span>\n\t\t\t\t\t<\/a>\n\t\t\t\t\t\t\t\t<\/div>\n\t\t\t\t<\/div>\n\t\t\t\t<\/div>\n\t\t\t\t<\/div>","protected":false},"excerpt":{"rendered":"<p>Hello Wood has received the following grants. Kisfaludy T\u00e1mogat\u00e1s Within the framework of the Kisfaludy Tourism Development Program, we received support for the V\u00edg\u00e1ntpetend Design Cabins project development, during which we will build 8 premium cabins and a service unit in the picturesque Cs\u00f3romf\u00f6lde. More information GINOP P\u00e1ly\u00e1zat We received support for the expansion of [&hellip;]<\/p>\n","protected":false},"author":1,"featured_media":1855,"parent":0,"menu_order":0,"comment_status":"closed","ping_status":"closed","template":"","meta":{"footnotes":""},"class_list":["post-1854","page","type-page","status-publish","has-post-thumbnail","hentry"],"_links":{"self":[{"href":"https:\/\/hellowood.eu\/hu\/wp-json\/wp\/v2\/pages\/1854","targetHints":{"allow":["GET"]}}],"collection":[{"href":"https:\/\/hellowood.eu\/hu\/wp-json\/wp\/v2\/pages"}],"about":[{"href":"https:\/\/hellowood.eu\/hu\/wp-json\/wp\/v2\/types\/page"}],"author":[{"embeddable":true,"href":"https:\/\/hellowood.eu\/hu\/wp-json\/wp\/v2\/users\/1"}],"replies":[{"embeddable":true,"href":"https:\/\/hellowood.eu\/hu\/wp-json\/wp\/v2\/comments?post=1854"}],"version-history":[{"count":16,"href":"https:\/\/hellowood.eu\/hu\/wp-json\/wp\/v2\/pages\/1854\/revisions"}],"predecessor-version":[{"id":2051,"href":"https:\/\/hellowood.eu\/hu\/wp-json\/wp\/v2\/pages\/1854\/revisions\/2051"}],"wp:featuredmedia":[{"embeddable":true,"href":"https:\/\/hellowood.eu\/hu\/wp-json\/wp\/v2\/media\/1855"}],"wp:attachment":[{"href":"https:\/\/hellowood.eu\/hu\/wp-json\/wp\/v2\/media?parent=1854"}],"curies":[{"name":"wp","href":"https:\/\/api.w.org\/{rel}","templated":true}]}}