{"id":1921,"date":"2026-02-12T16:56:35","date_gmt":"2026-02-12T15:56:35","guid":{"rendered":"https:\/\/hellowood.eu\/?page_id=1921"},"modified":"2026-02-12T16:57:38","modified_gmt":"2026-02-12T15:57:38","slug":"kisfaludy-tamogatas","status":"publish","type":"page","link":"https:\/\/hellowood.eu\/hu\/subsidies\/kisfaludy-tamogatas\/","title":{"rendered":"Kisfaludy t\u00e1mogat\u00e1s"},"content":{"rendered":"<div data-elementor-type=\"wp-page\" data-elementor-id=\"1921\" class=\"elementor elementor-1921\" data-elementor-post-type=\"page\">\n\t\t\t\t<div class=\"elementor-element elementor-element-67e4d357 e-flex e-con-boxed e-con e-parent\" data-id=\"67e4d357\" data-element_type=\"container\" data-e-type=\"container\" data-settings=\"{&quot;background_background&quot;:&quot;classic&quot;}\">\n\t\t\t\t\t<div class=\"e-con-inner\">\n\t\t\t\t<div class=\"elementor-element elementor-element-fa9756d elementor-widget__width-auto elementor-widget elementor-widget-heading\" data-id=\"fa9756d\" data-element_type=\"widget\" data-e-type=\"widget\" data-widget_type=\"heading.default\">\n\t\t\t\t\t<h1 class=\"elementor-heading-title elementor-size-default\">Kisfaludy t\u00e1mogat\u00e1s<\/h1>\t\t\t\t<\/div>\n\t\t\t\t\t<\/div>\n\t\t\t\t<\/div>\n\t\t<div class=\"elementor-element elementor-element-7f68e12a e-flex e-con-boxed e-con e-parent\" data-id=\"7f68e12a\" data-element_type=\"container\" data-e-type=\"container\">\n\t\t\t\t\t<div class=\"e-con-inner\">\n\t\t\t\t<div class=\"elementor-element elementor-element-1e83bc1c elementor-widget__width-initial elementor-widget elementor-widget-text-editor\" data-id=\"1e83bc1c\" data-element_type=\"widget\" data-e-type=\"widget\" data-widget_type=\"text-editor.default\">\n\t\t\t\t\t\t\t\t\t<p>Sok \u00e9vnyi t\u00e1boroz\u00e1s ut\u00e1n megkezdt\u00fck az igazi Hello Wood hangulatot hordoz\u00f3 Cs\u00f3romf\u00f6lde \u00e1talak\u00edt\u00e1s\u00e1t, hogy eg\u00e9sz \u00e9vben l\u00e1togathat\u00f3v\u00e1 tegy\u00fck ezt a k\u00fcl\u00f6nleges helysz\u00ednt. Nemsok\u00e1ra m\u00e1r te is foglalhatsz \u00e9jszak\u00e1t n\u00e1lunk!<\/p>\n<p>\u00a0<\/p>\n<p><strong>Kisfaludy projekt<\/strong><br \/>A t\u00e1mogatott projekt a Kisfaludy Turisztikai Fejleszt\u00e9si Program keret\u00e9ben val\u00f3sul meg. A projekt f\u0151 adatai:<\/p>\n<p>a Kedvezm\u00e9nyezett neve: Hello Wood Zrt.<br \/>a t\u00e1mogatott projekt c\u00edme: Vig\u00e1ntpetendi Design Kabinok<br \/>p\u00e1ly\u00e1zat azonos\u00edt\u00f3 sz\u00e1ma: ET-2020-02-028<br \/>a szerz\u0151d\u00f6tt t\u00e1mogat\u00e1s \u00f6sszege: 99.960.000 Ft<br \/>a t\u00e1mogat\u00e1s m\u00e9rt\u00e9ke: 32,89%<br \/>a t\u00e1mogatott projekt tartalm\u00e1nak r\u00f6vid bemutat\u00e1sa: A Vig\u00e1ntpetendi Design Kabinok projektfejleszt\u00e9s sor\u00e1n 8 darab, pr\u00e9mium min\u0151s\u00e9g\u0171 kabint \u00e9s egy kiszolg\u00e1l\u00f3 egys\u00e9get \u00e9p\u00edtett\u00fcnk a fest\u0151i sz\u00e9ps\u00e9g\u0171 Cs\u00f3romf\u00f6ld\u00e9n.<br \/>a t\u00e1mogatott projekt befejez\u00e9si d\u00e1tuma: 2024.03.31<\/p>\t\t\t\t\t\t\t\t<\/div>\n\t\t\t\t<div class=\"elementor-element elementor-element-932b87b elementor-widget elementor-widget-image\" data-id=\"932b87b\" data-element_type=\"widget\" data-e-type=\"widget\" data-widget_type=\"image.default\">\n\t\t\t\t\t\t\t\t\t\t\t\t\t\t\t<img fetchpriority=\"high\" decoding=\"async\" width=\"800\" height=\"179\" src=\"https:\/\/hellowood.eu\/wp-content\/uploads\/2026\/02\/wow_banner_fekvo_szoveg_v2-1024x229.png\" class=\"attachment-large size-large wp-image-1923\" alt=\"\" srcset=\"https:\/\/hellowood.eu\/wp-content\/uploads\/2026\/02\/wow_banner_fekvo_szoveg_v2-1024x229.png 1024w, https:\/\/hellowood.eu\/wp-content\/uploads\/2026\/02\/wow_banner_fekvo_szoveg_v2-300x67.png 300w, https:\/\/hellowood.eu\/wp-content\/uploads\/2026\/02\/wow_banner_fekvo_szoveg_v2-768x171.png 768w, https:\/\/hellowood.eu\/wp-content\/uploads\/2026\/02\/wow_banner_fekvo_szoveg_v2-1536x343.png 1536w, https:\/\/hellowood.eu\/wp-content\/uploads\/2026\/02\/wow_banner_fekvo_szoveg_v2-scaled.png 2048w, https:\/\/hellowood.eu\/wp-content\/uploads\/2026\/02\/wow_banner_fekvo_szoveg_v2-18x4.png 18w\" sizes=\"(max-width: 800px) 100vw, 800px\" \/>\t\t\t\t\t\t\t\t\t\t\t\t\t\t\t<\/div>\n\t\t\t\t\t<\/div>\n\t\t\t\t<\/div>\n\t\t\t\t<\/div>","protected":false},"excerpt":{"rendered":"<p>Sok \u00e9vnyi t\u00e1boroz\u00e1s ut\u00e1n megkezdt\u00fck az igazi Hello Wood hangulatot hordoz\u00f3 Cs\u00f3romf\u00f6lde \u00e1talak\u00edt\u00e1s\u00e1t, hogy eg\u00e9sz \u00e9vben l\u00e1togathat\u00f3v\u00e1 tegy\u00fck ezt a k\u00fcl\u00f6nleges helysz\u00ednt. Nemsok\u00e1ra m\u00e1r te is foglalhatsz \u00e9jszak\u00e1t n\u00e1lunk! \u00a0 Kisfaludy projektA t\u00e1mogatott projekt a Kisfaludy Turisztikai Fejleszt\u00e9si Program keret\u00e9ben val\u00f3sul meg. A projekt f\u0151 adatai: a Kedvezm\u00e9nyezett neve: Hello Wood Zrt.a t\u00e1mogatott projekt c\u00edme: [&hellip;]<\/p>\n","protected":false},"author":1,"featured_media":1819,"parent":1854,"menu_order":0,"comment_status":"closed","ping_status":"closed","template":"","meta":{"footnotes":""},"class_list":["post-1921","page","type-page","status-publish","has-post-thumbnail","hentry"],"_links":{"self":[{"href":"https:\/\/hellowood.eu\/hu\/wp-json\/wp\/v2\/pages\/1921","targetHints":{"allow":["GET"]}}],"collection":[{"href":"https:\/\/hellowood.eu\/hu\/wp-json\/wp\/v2\/pages"}],"about":[{"href":"https:\/\/hellowood.eu\/hu\/wp-json\/wp\/v2\/types\/page"}],"author":[{"embeddable":true,"href":"https:\/\/hellowood.eu\/hu\/wp-json\/wp\/v2\/users\/1"}],"replies":[{"embeddable":true,"href":"https:\/\/hellowood.eu\/hu\/wp-json\/wp\/v2\/comments?post=1921"}],"version-history":[{"count":4,"href":"https:\/\/hellowood.eu\/hu\/wp-json\/wp\/v2\/pages\/1921\/revisions"}],"predecessor-version":[{"id":1926,"href":"https:\/\/hellowood.eu\/hu\/wp-json\/wp\/v2\/pages\/1921\/revisions\/1926"}],"up":[{"embeddable":true,"href":"https:\/\/hellowood.eu\/hu\/wp-json\/wp\/v2\/pages\/1854"}],"wp:featuredmedia":[{"embeddable":true,"href":"https:\/\/hellowood.eu\/hu\/wp-json\/wp\/v2\/media\/1819"}],"wp:attachment":[{"href":"https:\/\/hellowood.eu\/hu\/wp-json\/wp\/v2\/media?parent=1921"}],"curies":[{"name":"wp","href":"https:\/\/api.w.org\/{rel}","templated":true}]}}