{"id":1927,"date":"2026-02-12T16:59:14","date_gmt":"2026-02-12T15:59:14","guid":{"rendered":"https:\/\/hellowood.eu\/?page_id=1927"},"modified":"2026-02-12T17:05:21","modified_gmt":"2026-02-12T16:05:21","slug":"ginop-palyazat","status":"publish","type":"page","link":"https:\/\/hellowood.eu\/hu\/subsidies\/ginop-palyazat\/","title":{"rendered":"GINOP P\u00e1ly\u00e1zat"},"content":{"rendered":"<div data-elementor-type=\"wp-page\" data-elementor-id=\"1927\" class=\"elementor elementor-1927\" data-elementor-post-type=\"page\">\n\t\t\t\t<div class=\"elementor-element elementor-element-67e4d357 e-flex e-con-boxed e-con e-parent\" data-id=\"67e4d357\" data-element_type=\"container\" data-e-type=\"container\" data-settings=\"{&quot;background_background&quot;:&quot;classic&quot;}\">\n\t\t\t\t\t<div class=\"e-con-inner\">\n\t\t\t\t<div class=\"elementor-element elementor-element-fa9756d elementor-widget__width-auto elementor-widget elementor-widget-heading\" data-id=\"fa9756d\" data-element_type=\"widget\" data-e-type=\"widget\" data-widget_type=\"heading.default\">\n\t\t\t\t\t<h1 class=\"elementor-heading-title elementor-size-default\">GINOP P\u00e1ly\u00e1zat<\/h1>\t\t\t\t<\/div>\n\t\t\t\t<div class=\"elementor-element elementor-element-a6d9f79 elementor-absolute elementor-widget elementor-widget-image\" data-id=\"a6d9f79\" data-element_type=\"widget\" data-e-type=\"widget\" data-settings=\"{&quot;_position&quot;:&quot;absolute&quot;}\" data-widget_type=\"image.default\">\n\t\t\t\t\t\t\t\t\t\t\t\t\t\t\t<img fetchpriority=\"high\" decoding=\"async\" width=\"333\" height=\"237\" src=\"https:\/\/hellowood.eu\/wp-content\/uploads\/2026\/02\/szechenyi-2020-logo.png\" class=\"attachment-medium_large size-medium_large wp-image-1936\" alt=\"\" srcset=\"https:\/\/hellowood.eu\/wp-content\/uploads\/2026\/02\/szechenyi-2020-logo.png 333w, https:\/\/hellowood.eu\/wp-content\/uploads\/2026\/02\/szechenyi-2020-logo-300x214.png 300w, https:\/\/hellowood.eu\/wp-content\/uploads\/2026\/02\/szechenyi-2020-logo-18x12.png 18w\" sizes=\"(max-width: 333px) 100vw, 333px\" \/>\t\t\t\t\t\t\t\t\t\t\t\t\t\t\t<\/div>\n\t\t\t\t\t<\/div>\n\t\t\t\t<\/div>\n\t\t<div class=\"elementor-element elementor-element-7f68e12a e-flex e-con-boxed e-con e-parent\" data-id=\"7f68e12a\" data-element_type=\"container\" data-e-type=\"container\">\n\t\t\t\t\t<div class=\"e-con-inner\">\n\t\t\t\t<div class=\"elementor-element elementor-element-1e83bc1c elementor-widget__width-initial elementor-widget elementor-widget-text-editor\" data-id=\"1e83bc1c\" data-element_type=\"widget\" data-e-type=\"widget\" data-widget_type=\"text-editor.default\">\n\t\t\t\t\t\t\t\t\t<h2>Hello Wood Zrt. vid\u00e9ki telephely\u00e9nek kapacit\u00e1sb\u0151v\u00edt\u00e9se<\/h2><p><br \/>GINOP1.2.14-20-2021-00169<br \/>T\u00e1mogat\u00e1si \u00f6sszeg: 26,87 M Ft<br \/>T\u00e1mogat\u00e1s m\u00e9rt\u00e9ke: 70%<br \/>A projekt megval\u00f3s\u00edt\u00e1s helysz\u00edne: Vig\u00e1ntpetend<br \/>A projekt megval\u00f3s\u00edt\u00e1s d\u00e1tuma: 2021.03.10. &#8211; 2022.06.30.<\/p><p>\u00daj beruh\u00e1z\u00e1sunk r\u00e9v\u00e9n a c\u00e9lunk a c\u00e9g\u00fcnk versenyk\u00e9pess\u00e9g\u00e9nek n\u00f6vel\u00e9se \u00e9s alv\u00e1llalkoz\u00f3k bevon\u00e1sa a<br \/>munkafolyamatokbal. Az \u00faj tervez\u0151 szoftverek seg\u00edts\u00e9g\u00e9vel gyorsabb\u00e1 tehetj\u00fck a tervez\u00e9st, \u00edgy a<br \/>megrendel\u00e9s \u00e9s a k\u00e9sz install\u00e1ci\u00f3 lesz\u00e1ll\u00edt\u00e1sa k\u00f6z\u00f6tti id\u0151t jelent\u0151sen tudjuk cs\u00f6kkenteni. Ez\u00e1ltal javul a<br \/>m\u0171k\u00f6d\u00e9s\u00fcnk fenntarthat\u00f3s\u00e1ga \u00e9s nagym\u00e9rt\u00e9kben cs\u00f6kken a keletkez\u0151 hullad\u00e9k mennyis\u00e9ge. Az \u00faj<br \/>g\u00e9pek seg\u00edts\u00e9g\u00e9vel az eddig hullad\u00e9kk\u00e9nt kezelt kisebb darabok is megmunk\u00e1lhat\u00f3v\u00e1 v\u00e1lnak, tov\u00e1bb<br \/>cs\u00f6kkentve a k\u00f6rnyezetterhel\u00e9st.<\/p><p>A projekt elemei:<br \/>1. Tan\u00e1csad\u00e1s:<\/p><p>Piacra jut\u00e1shoz kapcsol\u00f3d\u00f3 marketing tev\u00e9kenys\u00e9gek \u00e9s tan\u00e1csad\u00e1s &#8211; Marketing tev\u00e9kenys\u00e9g<br \/>2. Inform\u00e1ci\u00f3s technol\u00f3gia-fejleszt\u00e9s<\/p><p>Tervez\u0151 szoftver<br \/>IT eszk\u00f6z\u00f6k a hat\u00e9kony tervez\u0151 munka t\u00e1mogat\u00e1sa \u00e9rdek\u00e9ben<br \/>3. Technol\u00f3giai fejleszt\u00e9st eredm\u00e9nyez\u0151 \u00faj eszk\u00f6z\u00f6k beszerz\u00e9se<\/p><p>K\u00f6rf\u0171r\u00e9sz, Mer\u00fcl\u0151 f\u0171r\u00e9sz, G\u00e9rv\u00e1g\u00f3, D\u00fcbelmar\u00f3, \u00c1ramfejleszt\u0151 \u2013 a hat\u00e9kony kivitelez\u00e9s\u00e9rt.<br \/>Fejleszt\u00e9s\u00fcnk egy\u00e9rtelm\u0171en hozz\u00e1j\u00e1rul c\u00e9g\u00fcnk meger\u0151s\u00edt\u00e9s\u00e9hez, termel\u00e9kenys\u00e9g\u00fcnk n\u00f6vel\u00e9s\u00e9hez, hat\u00e9konys\u00e1gunk jav\u00edt\u00e1s\u00e1hoz. A tervez\u0151i eszk\u00f6z\u00f6k \u00e9s a famegmunk\u00e1l\u00e1shoz sz\u00fcks\u00e9ges eszk\u00f6z\u00f6k \u00e1ltal a tervez\u00e9s \u00e9s a kivitelez\u00e9s is &#8220;h\u00e1zon bel\u00fclre&#8221; ker\u00fcl. \u00cdgy jelent\u0151s, ak\u00e1r 30%-os k\u00f6lts\u00e9gcs\u00f6kken\u00e9st eredm\u00e9nyezve. A b\u00e9rt\u00e1mogat\u00e1s seg\u00edti a g\u00e9pek haszn\u00e1lat\u00e1ra betan\u00edtand\u00f3 munkat\u00e1rsak alkalmaz\u00e1s\u00e1t addig, am\u00edg nem tudj\u00e1k kitermelni b\u00e9rk\u00f6lts\u00e9g\u00fck. A marketing \u00e9s iparjogv\u00e9delmi tan\u00e1csad\u00e1s az \u00e9rt\u00e9kes\u00edt\u00e9s felgyors\u00edt\u00e1s\u00e1t seg\u00edti.<\/p><p>\u00a0<\/p><p>A projekt sor\u00e1n beszerzett eszk\u00f6z\u00f6k list\u00e1ja:<\/p><p>32&#8243; monitor<br \/>27&#8243; st\u00fadi\u00f3 monitor<br \/>4K telev\u00edzi\u00f3<br \/>Telefon<br \/>13&#8243; laptop<br \/>Videokonferencia rendszer<br \/>NAS <br \/>Szerver<br \/>K\u00f6rf\u0171r\u00e9sz g\u00e9p<br \/>Mer\u00fcl\u0151 f\u0171r\u00e9sz<br \/>G\u00e9rv\u00e1g\u00f3<br \/>D\u00fcbelmar\u00f3<br \/>Mesterg\u00e9p csomag<br \/>Mobil elsz\u00edv\u00f3 <br \/>Aggreg\u00e1tor <br \/>Mini PC <br \/>Tervez\u0151i szoftver <br \/>Munka\u00e1llom\u00e1s<br \/>Render g\u00e9p <br \/>Dekop\u00edr f\u0171r\u00e9sz<br \/>Nyomtat\u00f3<\/p>\t\t\t\t\t\t\t\t<\/div>\n\t\t\t\t\t<\/div>\n\t\t\t\t<\/div>\n\t\t\t\t<\/div>","protected":false},"excerpt":{"rendered":"<p>Hello Wood Zrt. vid\u00e9ki telephely\u00e9nek kapacit\u00e1sb\u0151v\u00edt\u00e9se GINOP1.2.14-20-2021-00169T\u00e1mogat\u00e1si \u00f6sszeg: 26,87 M FtT\u00e1mogat\u00e1s m\u00e9rt\u00e9ke: 70%A projekt megval\u00f3s\u00edt\u00e1s helysz\u00edne: Vig\u00e1ntpetendA projekt megval\u00f3s\u00edt\u00e1s d\u00e1tuma: 2021.03.10. &#8211; 2022.06.30. \u00daj beruh\u00e1z\u00e1sunk r\u00e9v\u00e9n a c\u00e9lunk a c\u00e9g\u00fcnk versenyk\u00e9pess\u00e9g\u00e9nek n\u00f6vel\u00e9se \u00e9s alv\u00e1llalkoz\u00f3k bevon\u00e1sa amunkafolyamatokbal. Az \u00faj tervez\u0151 szoftverek seg\u00edts\u00e9g\u00e9vel gyorsabb\u00e1 tehetj\u00fck a tervez\u00e9st, \u00edgy amegrendel\u00e9s \u00e9s a k\u00e9sz install\u00e1ci\u00f3 lesz\u00e1ll\u00edt\u00e1sa k\u00f6z\u00f6tti id\u0151t jelent\u0151sen [&hellip;]<\/p>\n","protected":false},"author":1,"featured_media":473,"parent":1854,"menu_order":0,"comment_status":"closed","ping_status":"closed","template":"","meta":{"footnotes":""},"class_list":["post-1927","page","type-page","status-publish","has-post-thumbnail","hentry"],"_links":{"self":[{"href":"https:\/\/hellowood.eu\/hu\/wp-json\/wp\/v2\/pages\/1927","targetHints":{"allow":["GET"]}}],"collection":[{"href":"https:\/\/hellowood.eu\/hu\/wp-json\/wp\/v2\/pages"}],"about":[{"href":"https:\/\/hellowood.eu\/hu\/wp-json\/wp\/v2\/types\/page"}],"author":[{"embeddable":true,"href":"https:\/\/hellowood.eu\/hu\/wp-json\/wp\/v2\/users\/1"}],"replies":[{"embeddable":true,"href":"https:\/\/hellowood.eu\/hu\/wp-json\/wp\/v2\/comments?post=1927"}],"version-history":[{"count":13,"href":"https:\/\/hellowood.eu\/hu\/wp-json\/wp\/v2\/pages\/1927\/revisions"}],"predecessor-version":[{"id":1942,"href":"https:\/\/hellowood.eu\/hu\/wp-json\/wp\/v2\/pages\/1927\/revisions\/1942"}],"up":[{"embeddable":true,"href":"https:\/\/hellowood.eu\/hu\/wp-json\/wp\/v2\/pages\/1854"}],"wp:featuredmedia":[{"embeddable":true,"href":"https:\/\/hellowood.eu\/hu\/wp-json\/wp\/v2\/media\/473"}],"wp:attachment":[{"href":"https:\/\/hellowood.eu\/hu\/wp-json\/wp\/v2\/media?parent=1927"}],"curies":[{"name":"wp","href":"https:\/\/api.w.org\/{rel}","templated":true}]}}