{"id":2043,"date":"2026-02-16T17:20:30","date_gmt":"2026-02-16T16:20:30","guid":{"rendered":"https:\/\/hellowood.eu\/?page_id=2043"},"modified":"2026-02-16T17:24:48","modified_gmt":"2026-02-16T16:24:48","slug":"kabin-kutatas-fejlesztes","status":"publish","type":"page","link":"https:\/\/hellowood.eu\/hu\/subsidies\/kabin-kutatas-fejlesztes\/","title":{"rendered":"Kabin kutat\u00e1s-fejleszt\u00e9s"},"content":{"rendered":"<div data-elementor-type=\"wp-page\" data-elementor-id=\"2043\" class=\"elementor elementor-2043\" data-elementor-post-type=\"page\">\n\t\t\t\t<div class=\"elementor-element elementor-element-67e4d357 e-flex e-con-boxed e-con e-parent\" data-id=\"67e4d357\" data-element_type=\"container\" data-e-type=\"container\" data-settings=\"{&quot;background_background&quot;:&quot;classic&quot;}\">\n\t\t\t\t\t<div class=\"e-con-inner\">\n\t\t\t\t<div class=\"elementor-element elementor-element-fa9756d elementor-widget__width-auto elementor-widget elementor-widget-heading\" data-id=\"fa9756d\" data-element_type=\"widget\" data-e-type=\"widget\" data-widget_type=\"heading.default\">\n\t\t\t\t\t<h1 class=\"elementor-heading-title elementor-size-default\">Kabin kutat\u00e1s-fejleszt\u00e9s<\/h1>\t\t\t\t<\/div>\n\t\t\t\t\t<\/div>\n\t\t\t\t<\/div>\n\t\t<div class=\"elementor-element elementor-element-7f68e12a e-flex e-con-boxed e-con e-parent\" data-id=\"7f68e12a\" data-element_type=\"container\" data-e-type=\"container\">\n\t\t\t\t\t<div class=\"e-con-inner\">\n\t\t\t\t<div class=\"elementor-element elementor-element-1e83bc1c elementor-widget__width-initial elementor-widget elementor-widget-text-editor\" data-id=\"1e83bc1c\" data-element_type=\"widget\" data-e-type=\"widget\" data-widget_type=\"text-editor.default\">\n\t\t\t\t\t\t\t\t\t<h2>Kabin kutat\u00e1s-fejleszt\u00e9s<\/h2><p>A Hello Wood Zrt. elk\u00f6telezett a kis l\u00e9pt\u00e9k\u0171 design kabinok koncepci\u00f3j\u00e1nak fejleszt\u00e9se ir\u00e1nt.\u00a0 2016 \/ 2017 \u00f3ta fejleszt\u00fcnk kabinokat, melynek eredm\u00e9nyek\u00e9ppen t\u00f6bb k\u00eds\u00e9rleti protot\u00edpus is elk\u00e9sz\u00fclt, legut\u00f3bbi eredm\u00e9nye a Kabinka. A koncepci\u00f3 alapj\u00e1n a kis h\u00e1z diz\u00e1jnja klasszikus, b\u00e1rhol fel\u00e9p\u00edthet\u0151 (t\u00f3parton, erd\u0151ben, mez\u0151s\u00e9gben) ugyanis jelleg\u00e9b\u0151l \u00e9s visszafogott formavezet\u00e9s\u00e9b\u0151l ad\u00f3d\u00f3an minden term\u00e9szeti k\u00f6rnyezetbe organikusan beilleszthet\u0151. A fejleszt\u00e9s alatt \u00e1ll\u00f3 Kabinka jellegzetess\u00e9ge, hogy lapraszerelt elemekb\u0151l \u00e1ll, amelyek seg\u00edtik a sz\u00e1ll\u00edt\u00e1st \u00e9s lehet\u0151v\u00e9 teszik, hogy az \u00e9p\u00edtkez\u00e9s, \u00f6sszeszerel\u00e9s k\u00f6rnyezetre gyakorolt teher n\u00e9lk\u00fcl val\u00f3sulhasson meg. A jelenlegi koncepci\u00f3 n\u00e9gy\u00e9vszakos, a kabin minden \u00e9vszakban alkalmas a lakhat\u00e1sra.<\/p><h2>KKV Start t\u00e1mogat\u00e1s<\/h2><p>A 2020-1.1.1-KKV-START-2020-00242 sz\u00e1m\u00fa projekt a Nemzeti Kutat\u00e1si Fejleszt\u00e9si \u00e9s Innov\u00e1ci\u00f3s Alapb\u00f3l biztos\u00edtott t\u00e1mogat\u00e1ssal, a Nemzeti Kutat\u00e1si, Fejleszt\u00e9si \u00e9s Innov\u00e1ci\u00f3s Alap p\u00e1ly\u00e1zati program finansz\u00edroz\u00e1s\u00e1ban val\u00f3sult meg.<\/p><p>\u00a0<\/p>\t\t\t\t\t\t\t\t<\/div>\n\t\t\t\t<div class=\"elementor-element elementor-element-932b87b elementor-widget elementor-widget-image\" data-id=\"932b87b\" data-element_type=\"widget\" data-e-type=\"widget\" data-widget_type=\"image.default\">\n\t\t\t\t\t\t\t\t\t\t\t\t\t\t\t<img fetchpriority=\"high\" decoding=\"async\" width=\"800\" height=\"339\" src=\"https:\/\/hellowood.eu\/wp-content\/uploads\/2026\/02\/nkfia_infoblokk_kerettel_program_fekvo_2019_hu-1024x434.jpg\" class=\"attachment-large size-large wp-image-2047\" alt=\"\" srcset=\"https:\/\/hellowood.eu\/wp-content\/uploads\/2026\/02\/nkfia_infoblokk_kerettel_program_fekvo_2019_hu-1024x434.jpg 1024w, https:\/\/hellowood.eu\/wp-content\/uploads\/2026\/02\/nkfia_infoblokk_kerettel_program_fekvo_2019_hu-300x127.jpg 300w, https:\/\/hellowood.eu\/wp-content\/uploads\/2026\/02\/nkfia_infoblokk_kerettel_program_fekvo_2019_hu-768x326.jpg 768w, https:\/\/hellowood.eu\/wp-content\/uploads\/2026\/02\/nkfia_infoblokk_kerettel_program_fekvo_2019_hu-1536x651.jpg 1536w, https:\/\/hellowood.eu\/wp-content\/uploads\/2026\/02\/nkfia_infoblokk_kerettel_program_fekvo_2019_hu-scaled.jpg 2048w, https:\/\/hellowood.eu\/wp-content\/uploads\/2026\/02\/nkfia_infoblokk_kerettel_program_fekvo_2019_hu-18x8.jpg 18w\" sizes=\"(max-width: 800px) 100vw, 800px\" \/>\t\t\t\t\t\t\t\t\t\t\t\t\t\t\t<\/div>\n\t\t\t\t\t<\/div>\n\t\t\t\t<\/div>\n\t\t\t\t<\/div>","protected":false},"excerpt":{"rendered":"<p>Kabin kutat\u00e1s-fejleszt\u00e9s A Hello Wood Zrt. elk\u00f6telezett a kis l\u00e9pt\u00e9k\u0171 design kabinok koncepci\u00f3j\u00e1nak fejleszt\u00e9se ir\u00e1nt.\u00a0 2016 \/ 2017 \u00f3ta fejleszt\u00fcnk kabinokat, melynek eredm\u00e9nyek\u00e9ppen t\u00f6bb k\u00eds\u00e9rleti protot\u00edpus is elk\u00e9sz\u00fclt, legut\u00f3bbi eredm\u00e9nye a Kabinka. A koncepci\u00f3 alapj\u00e1n a kis h\u00e1z diz\u00e1jnja klasszikus, b\u00e1rhol fel\u00e9p\u00edthet\u0151 (t\u00f3parton, erd\u0151ben, mez\u0151s\u00e9gben) ugyanis jelleg\u00e9b\u0151l \u00e9s visszafogott formavezet\u00e9s\u00e9b\u0151l ad\u00f3d\u00f3an minden term\u00e9szeti k\u00f6rnyezetbe organikusan [&hellip;]<\/p>\n","protected":false},"author":1,"featured_media":2046,"parent":1854,"menu_order":0,"comment_status":"closed","ping_status":"closed","template":"","meta":{"footnotes":""},"class_list":["post-2043","page","type-page","status-publish","has-post-thumbnail","hentry"],"_links":{"self":[{"href":"https:\/\/hellowood.eu\/hu\/wp-json\/wp\/v2\/pages\/2043","targetHints":{"allow":["GET"]}}],"collection":[{"href":"https:\/\/hellowood.eu\/hu\/wp-json\/wp\/v2\/pages"}],"about":[{"href":"https:\/\/hellowood.eu\/hu\/wp-json\/wp\/v2\/types\/page"}],"author":[{"embeddable":true,"href":"https:\/\/hellowood.eu\/hu\/wp-json\/wp\/v2\/users\/1"}],"replies":[{"embeddable":true,"href":"https:\/\/hellowood.eu\/hu\/wp-json\/wp\/v2\/comments?post=2043"}],"version-history":[{"count":7,"href":"https:\/\/hellowood.eu\/hu\/wp-json\/wp\/v2\/pages\/2043\/revisions"}],"predecessor-version":[{"id":2055,"href":"https:\/\/hellowood.eu\/hu\/wp-json\/wp\/v2\/pages\/2043\/revisions\/2055"}],"up":[{"embeddable":true,"href":"https:\/\/hellowood.eu\/hu\/wp-json\/wp\/v2\/pages\/1854"}],"wp:featuredmedia":[{"embeddable":true,"href":"https:\/\/hellowood.eu\/hu\/wp-json\/wp\/v2\/media\/2046"}],"wp:attachment":[{"href":"https:\/\/hellowood.eu\/hu\/wp-json\/wp\/v2\/media?parent=2043"}],"curies":[{"name":"wp","href":"https:\/\/api.w.org\/{rel}","templated":true}]}}